{"id":17,"date":"2022-06-02T14:51:55","date_gmt":"2022-06-02T14:51:55","guid":{"rendered":"https:\/\/sitteresponsivo.com.br\/advocacia\/?page_id=17"},"modified":"2022-06-03T14:45:26","modified_gmt":"2022-06-03T14:45:26","slug":"quem-somos","status":"publish","type":"page","link":"https:\/\/sitteresponsivo.com.br\/advocacia\/quem-somos\/","title":{"rendered":"Quem Somos"},"content":{"rendered":"\t\t<div data-elementor-type=\"wp-page\" data-elementor-id=\"17\" class=\"elementor elementor-17\">\n\t\t\t\t\t\t<section class=\"elementor-section elementor-top-section elementor-element elementor-element-4ebcdd5e elementor-section-boxed elementor-section-height-default elementor-section-height-default\" data-id=\"4ebcdd5e\" data-element_type=\"section\" data-settings=\"{&quot;background_background&quot;:&quot;gradient&quot;}\">\n\t\t\t\t\t\t\t<div class=\"elementor-background-overlay\"><\/div>\n\t\t\t\t\t\t\t<div class=\"elementor-container elementor-column-gap-default\">\n\t\t\t\t\t<div class=\"elementor-column elementor-col-50 elementor-top-column elementor-element elementor-element-6aca1709\" data-id=\"6aca1709\" data-element_type=\"column\">\n\t\t\t<div class=\"elementor-widget-wrap elementor-element-populated\">\n\t\t\t\t\t\t<div class=\"elementor-element elementor-element-325c7ae7 elementor-widget elementor-widget-image\" data-id=\"325c7ae7\" data-element_type=\"widget\" data-widget_type=\"image.default\">\n\t\t\t\t<div class=\"elementor-widget-container\">\n\t\t\t\t\t\t\t\t\t\t\t\t\t\t\t\t<a href=\"https:\/\/sitteresponsivo.com.br\/advocacia\">\n\t\t\t\t\t\t\t<img decoding=\"async\" width=\"250\" height=\"100\" src=\"https:\/\/sitteresponsivo.com.br\/advocacia\/wp-content\/uploads\/2022\/06\/logo-advocacia.png\" class=\"attachment-large size-large wp-image-26\" alt=\"Logo Advocacia\" \/>\t\t\t\t\t\t\t\t<\/a>\n\t\t\t\t\t\t\t\t\t\t\t\t\t\t\t<\/div>\n\t\t\t\t<\/div>\n\t\t\t\t\t<\/div>\n\t\t<\/div>\n\t\t\t\t<div class=\"elementor-column elementor-col-50 elementor-top-column elementor-element elementor-element-658d0d4e\" data-id=\"658d0d4e\" data-element_type=\"column\">\n\t\t\t<div class=\"elementor-widget-wrap elementor-element-populated\">\n\t\t\t\t\t\t<div class=\"elementor-element elementor-element-2b9faafc zeus-menu-align-justify elementor-widget__width-inherit zeus-toggle-align-center zeus-dropdown-yes elementor-widget elementor-widget-zeus-menu\" data-id=\"2b9faafc\" data-element_type=\"widget\" data-settings=\"{&quot;is_sticky&quot;:&quot;yes&quot;,&quot;layout&quot;:&quot;horizontal&quot;,&quot;dropdown&quot;:&quot;tablet&quot;,&quot;dropdown_full_width&quot;:&quot;yes&quot;}\" data-widget_type=\"zeus-menu.default\">\n\t\t\t\t<div class=\"elementor-widget-container\">\n\t\t\t\t\t\n\t\t<div class=\"zeus-menu-wrapper zeus-menu-dropdown-tablet\" data-background=\"\">\n\n\t\t\t\t\t\t\t<nav role=\"navigation\" itemscope=\"itemscope\" itemtype=\"https:\/\/schema.org\/SiteNavigationElement\" class=\"zeus-menu-main zeus-menu-container zeus-menu-layout-horizontal\"><ul id=\"menu-1-2b9faafc\" class=\"zeus-menu zeus-ul\"><li class=\"menu-item menu-item-type-post_type menu-item-object-page menu-item-home menu-item-16\"><a href=\"https:\/\/sitteresponsivo.com.br\/advocacia\/\" class=\"zeus-item\">Home<\/a><\/li>\n<li class=\"menu-item menu-item-type-post_type menu-item-object-page menu-item-23\"><a href=\"https:\/\/sitteresponsivo.com.br\/advocacia\/quem-somos\/\" class=\"zeus-item\">Quem Somos<\/a><\/li>\n<li class=\"menu-item menu-item-type-post_type menu-item-object-page menu-item-24\"><a href=\"https:\/\/sitteresponsivo.com.br\/advocacia\/nossos-servicos\/\" class=\"zeus-item\">Nossos Servi\u00e7os<\/a><\/li>\n<li class=\"menu-item menu-item-type-post_type menu-item-object-page menu-item-25\"><a href=\"https:\/\/sitteresponsivo.com.br\/advocacia\/blog\/\" class=\"zeus-item\">Blog<\/a><\/li>\n<\/ul><\/nav>\n\t\t\t\t\t\t\t\t<div class=\"zeus-menu-toggle\" role=\"button\" tabindex=\"0\" aria-label=\"Menu Toggle\" aria-expanded=\"false\">\n\t\t\t\t\t<div class=\"zeus-menu-toggle-icon\">\n\t\t\t\t\t\t<svg viewBox=\"0 0 512 512\" aria-hidden=\"true\" role=\"img\" version=\"1.1\" xmlns=\"http:\/\/www.w3.org\/2000\/svg\" xmlns:xlink=\"http:\/\/www.w3.org\/1999\/xlink\" width=\"1em\" height=\"1em\"><path d=\"M0 96c0-13.255 10.745-24 24-24h464c13.255 0 24 10.745 24 24s-10.745 24-24 24H24c-13.255 0-24-10.745-24-24zm0 160c0-13.255 10.745-24 24-24h464c13.255 0 24 10.745 24 24s-10.745 24-24 24H24c-13.255 0-24-10.745-24-24zm0 160c0-13.255 10.745-24 24-24h464c13.255 0 24 10.745 24 24s-10.745 24-24 24H24c-13.255 0-24-10.745-24-24z\"><\/path><\/svg><svg viewBox=\"0 0 512 512\" aria-hidden=\"true\" role=\"img\" version=\"1.1\" xmlns=\"http:\/\/www.w3.org\/2000\/svg\" xmlns:xlink=\"http:\/\/www.w3.org\/1999\/xlink\" width=\"1em\" height=\"1em\"><path d=\"M71.029 71.029c9.373-9.372 24.569-9.372 33.942 0L256 222.059l151.029-151.03c9.373-9.372 24.569-9.372 33.942 0 9.372 9.373 9.372 24.569 0 33.942L289.941 256l151.03 151.029c9.372 9.373 9.372 24.569 0 33.942-9.373 9.372-24.569 9.372-33.942 0L256 289.941l-151.029 151.03c-9.373 9.372-24.569 9.372-33.942 0-9.372-9.373-9.372-24.569 0-33.942L222.059 256 71.029 104.971c-9.372-9.373-9.372-24.569 0-33.942z\"><\/path><\/svg>\n\t\t\t\t\t\t<span class=\"screen-reader-text\">Menu<\/span>\n\t\t\t\t\t<\/div>\n\n\t\t\t\t\t<nav class=\"zeus-menu-toggle-dropdown\" role=\"navigation\" aria-hidden=\"true\" itemscope=\"itemscope\" itemtype=\"https:\/\/schema.org\/SiteNavigationElement\"><ul id=\"menu-2-2b9faafc\" class=\"zeus-dropdown-menu\"><li class=\"menu-item menu-item-type-post_type menu-item-object-page menu-item-home menu-item-16\"><a href=\"https:\/\/sitteresponsivo.com.br\/advocacia\/\" class=\"zeus-item\" tabindex=\"-1\">Home<\/a><\/li>\n<li class=\"menu-item menu-item-type-post_type menu-item-object-page menu-item-23\"><a href=\"https:\/\/sitteresponsivo.com.br\/advocacia\/quem-somos\/\" class=\"zeus-item\" tabindex=\"-1\">Quem Somos<\/a><\/li>\n<li class=\"menu-item menu-item-type-post_type menu-item-object-page menu-item-24\"><a href=\"https:\/\/sitteresponsivo.com.br\/advocacia\/nossos-servicos\/\" class=\"zeus-item\" tabindex=\"-1\">Nossos Servi\u00e7os<\/a><\/li>\n<li class=\"menu-item menu-item-type-post_type menu-item-object-page menu-item-25\"><a href=\"https:\/\/sitteresponsivo.com.br\/advocacia\/blog\/\" class=\"zeus-item\" tabindex=\"-1\">Blog<\/a><\/li>\n<\/ul><\/nav>\n\t\t\t\t<\/div>\n\t\t\t\t\n\t\t<\/div>\n\n\t\t\t\t\t\t<\/div>\n\t\t\t\t<\/div>\n\t\t\t\t\t<\/div>\n\t\t<\/div>\n\t\t\t\t\t<\/div>\n\t\t<\/section>\n\t\t\t\t<section class=\"elementor-section elementor-top-section elementor-element elementor-element-e2ddd15 elementor-section-boxed elementor-section-height-default elementor-section-height-default\" data-id=\"e2ddd15\" data-element_type=\"section\" data-settings=\"{&quot;background_background&quot;:&quot;classic&quot;}\">\n\t\t\t\t\t\t<div class=\"elementor-container elementor-column-gap-default\">\n\t\t\t\t\t<div class=\"elementor-column elementor-col-100 elementor-top-column elementor-element elementor-element-60d8d7f\" data-id=\"60d8d7f\" data-element_type=\"column\">\n\t\t\t<div class=\"elementor-widget-wrap elementor-element-populated\">\n\t\t\t\t\t\t<div class=\"elementor-element elementor-element-42d8d7b elementor-invisible elementor-widget elementor-widget-heading\" data-id=\"42d8d7b\" data-element_type=\"widget\" data-settings=\"{&quot;_animation&quot;:&quot;bounceIn&quot;}\" data-widget_type=\"heading.default\">\n\t\t\t\t<div class=\"elementor-widget-container\">\n\t\t\t\t\t<h2 class=\"elementor-heading-title elementor-size-default\">NOSSO PERFIL E FILOSOFIA DE TRABALHO<\/h2>\t\t\t\t<\/div>\n\t\t\t\t<\/div>\n\t\t\t\t\t<\/div>\n\t\t<\/div>\n\t\t\t\t\t<\/div>\n\t\t<\/section>\n\t\t\t\t<section class=\"elementor-section elementor-top-section elementor-element elementor-element-fe734df elementor-section-height-min-height elementor-section-boxed elementor-section-height-default elementor-section-items-middle\" data-id=\"fe734df\" data-element_type=\"section\" data-settings=\"{&quot;background_background&quot;:&quot;classic&quot;}\">\n\t\t\t\t\t\t<div class=\"elementor-container elementor-column-gap-default\">\n\t\t\t\t\t<div class=\"elementor-column elementor-col-100 elementor-top-column elementor-element elementor-element-b3da601\" data-id=\"b3da601\" data-element_type=\"column\">\n\t\t\t<div class=\"elementor-widget-wrap\">\n\t\t\t\t\t\t\t<\/div>\n\t\t<\/div>\n\t\t\t\t\t<\/div>\n\t\t<\/section>\n\t\t\t\t<section class=\"elementor-section elementor-top-section elementor-element elementor-element-8ec4603 elementor-section-boxed elementor-section-height-default elementor-section-height-default\" data-id=\"8ec4603\" data-element_type=\"section\" data-settings=\"{&quot;background_background&quot;:&quot;gradient&quot;}\">\n\t\t\t\t\t\t<div class=\"elementor-container elementor-column-gap-default\">\n\t\t\t\t\t<div class=\"elementor-column elementor-col-100 elementor-top-column elementor-element elementor-element-d4fa8af\" data-id=\"d4fa8af\" data-element_type=\"column\" data-settings=\"{&quot;background_background&quot;:&quot;classic&quot;}\">\n\t\t\t<div class=\"elementor-widget-wrap elementor-element-populated\">\n\t\t\t\t\t\t<div class=\"elementor-element elementor-element-1e038c8 elementor-widget elementor-widget-text-editor\" data-id=\"1e038c8\" data-element_type=\"widget\" data-widget_type=\"text-editor.default\">\n\t\t\t\t<div class=\"elementor-widget-container\">\n\t\t\t\t\t\t\t\t\t<p>\u00a0<\/p><p>\u00a0<\/p><p>Somos uma Escrit\u00f3rio de Advocacia especializado em <b>Direito Previdenci\u00e1rio<\/b>, buscando desenvolver m\u00e9todos de trabalho modernos, eficientes e eficazes, voltados \u00e0s demandas dos nossos clientes. Focamos no atendimento pessoal, de forma individualizada e personalizada, por entendermos que cada cliente tem sua forma de pensar, sentir e agir, como tamb\u00e9m entendemos que cada um deles tem uma urg\u00eancia diferenciada para as suas diferentes expectativas e problemas.<\/p><p>Por isso, n\u00e3o focamos apenas no problema\/causa em si! Buscamos, no curto e m\u00e9dio prazos, realizar um trabalho de entrevista e escuta do nosso Cliente e das demais partes e fatos envolvidos, no sentido de identificar todo o contexto em volta, e assim termos condi\u00e7\u00f5es de tra\u00e7ar estrat\u00e9gias que possam nos levar a alcan\u00e7ar os melhores resultados.<\/p><p>Estamos a 7 anos no Mercado, e nesse tempo fomos construindo uma base de conhecimento ampla, assim como fomos desenvolvendo nossas compet\u00eancias, tra\u00e7ando nossas metas, nos atualizando constantemente e buscando formas de diferencia\u00e7\u00e3o em rela\u00e7\u00e3o aos demais escrit\u00f3rios de advocacia presentes em nossa localidade.<\/p><p>A maior parte dos nossos atendimentos \u00e9 realizada na Cidade de Natal\/RN, mas tamb\u00e9m atendemos muitas demandas da Regi\u00e3o Metropolitana de Natal, e cada vez mais temos expandido nossos servi\u00e7os em dire\u00e7\u00e3o ao interior do Estado, ampliando nosso rol de atendimento pr\u00f3prio, e tamb\u00e9m buscando parcerias com outros profissionais e entidades que possam atuar naquelas causas e situa\u00e7\u00f5es que fogem da nossa \u00e1rea de especializa\u00e7\u00e3o. \u00a0<\/p><p>Nossa Miss\u00e3o, portanto, \u00e9: &#8220;Reunir todo o conhecimento t\u00e9cnico necess\u00e1rio \u00e0 promo\u00e7\u00e3o da seguran\u00e7a jur\u00eddica, e \u00e0 resolu\u00e7\u00e3o mais c\u00e9lere poss\u00edvel das demandas e necessidades de nossos clientes, com transpar\u00eancia, \u00e9tica, dinamismo e objetividade&#8221;.<\/p><p>Nossa Vis\u00e3o \u00e9 \u201cNos tornarmos um Escrit\u00f3rio de Advocacia refer\u00eancia em Natal e todo Estado do RN, ao longo do tempo, criando parcerias eficazes, e buscando a realiza\u00e7\u00e3o pessoal e profissional dos nossos clientes internos e externos&#8221;.<\/p><p>J\u00e1 nossos Valores s\u00e3o: &#8220;honestidade e responsabilidade para com nossos Clientes (internos e externos); efici\u00eancia e efic\u00e1cia nos resultados, com dinamismo e objetividade; e relacionamento transparente e humanizado com nossos clientes, parceiros e colaboradores&#8221;.<\/p><p>Assim, somos a <strong><u>Bernardo Advocacia<\/u><\/strong>, uma Empresa apaixonada pelo que faz, focada em produzir Resultados e gerar Valor para nossos clientes, por meio de solu\u00e7\u00f5es simples, criativas e modernas.<\/p><p>Fale Conosco Online, por meio do bot\u00e3o Whatsapp presente neste Site, como tamb\u00e9m pelo nosso e-mail bernardoadv@email.com, e teremos um imenso prazer em atend\u00ea-lo (a). Retornamos pra voc\u00ea o mais breve poss\u00edvel!<\/p><p>Obrigado, e at\u00e9 mais!\u00a0\u00a0<\/p><p>\u00a0<\/p><p>\u00a0<\/p>\t\t\t\t\t\t\t\t<\/div>\n\t\t\t\t<\/div>\n\t\t\t\t\t<\/div>\n\t\t<\/div>\n\t\t\t\t\t<\/div>\n\t\t<\/section>\n\t\t\t\t<section class=\"elementor-section elementor-top-section elementor-element elementor-element-84899f0 elementor-section-boxed elementor-section-height-default elementor-section-height-default\" data-id=\"84899f0\" data-element_type=\"section\" data-settings=\"{&quot;background_background&quot;:&quot;classic&quot;}\">\n\t\t\t\t\t\t<div class=\"elementor-container elementor-column-gap-default\">\n\t\t\t\t\t<div class=\"elementor-column elementor-col-33 elementor-top-column elementor-element elementor-element-79d4011\" data-id=\"79d4011\" data-element_type=\"column\" data-settings=\"{&quot;background_background&quot;:&quot;gradient&quot;}\">\n\t\t\t<div class=\"elementor-widget-wrap elementor-element-populated\">\n\t\t\t\t\t\t<div class=\"elementor-element elementor-element-fdb0160 elementor-widget elementor-widget-heading\" data-id=\"fdb0160\" data-element_type=\"widget\" data-widget_type=\"heading.default\">\n\t\t\t\t<div class=\"elementor-widget-container\">\n\t\t\t\t\t<h3 class=\"elementor-heading-title elementor-size-default\">Bernardo Advocacia<\/h3>\t\t\t\t<\/div>\n\t\t\t\t<\/div>\n\t\t\t\t<div class=\"elementor-element elementor-element-dfbd76b elementor-widget elementor-widget-text-editor\" data-id=\"dfbd76b\" data-element_type=\"widget\" data-widget_type=\"text-editor.default\">\n\t\t\t\t<div class=\"elementor-widget-container\">\n\t\t\t\t\t\t\t\t\t<p>Atuamos de forma t\u00e9cnica, especializada e competente. Possu\u00edmos uma boa reputa\u00e7\u00e3o junto aos nossos clientes, e isso se deve ao bom relacionamento que buscamos ter com os mesmos &#8211; de profissionalismo e ao mesmo tempo de parceria.<\/p>\n<p>Conhe\u00e7a-nos melhor e comprove o que estamos vos apresentando nessa nossa identifica\u00e7\u00e3o!<\/p>\t\t\t\t\t\t\t\t<\/div>\n\t\t\t\t<\/div>\n\t\t\t\t\t<\/div>\n\t\t<\/div>\n\t\t\t\t<div class=\"elementor-column elementor-col-33 elementor-top-column elementor-element elementor-element-e9872b9\" data-id=\"e9872b9\" data-element_type=\"column\" data-settings=\"{&quot;background_background&quot;:&quot;gradient&quot;}\">\n\t\t\t<div class=\"elementor-widget-wrap elementor-element-populated\">\n\t\t\t\t\t\t<div class=\"elementor-element elementor-element-ae77db3 elementor-widget elementor-widget-image\" data-id=\"ae77db3\" data-element_type=\"widget\" data-widget_type=\"image.default\">\n\t\t\t\t<div class=\"elementor-widget-container\">\n\t\t\t\t\t\t\t\t\t\t\t\t\t\t\t<img fetchpriority=\"high\" decoding=\"async\" width=\"626\" height=\"417\" src=\"https:\/\/sitteresponsivo.com.br\/advocacia\/wp-content\/uploads\/2022\/06\/fundo-de-pagina-5.jpg\" class=\"attachment-large size-large wp-image-476\" alt=\"Bernardo Advocacia\" srcset=\"https:\/\/sitteresponsivo.com.br\/advocacia\/wp-content\/uploads\/2022\/06\/fundo-de-pagina-5.jpg 626w, https:\/\/sitteresponsivo.com.br\/advocacia\/wp-content\/uploads\/2022\/06\/fundo-de-pagina-5-300x200.jpg 300w\" sizes=\"(max-width: 626px) 100vw, 626px\" \/>\t\t\t\t\t\t\t\t\t\t\t\t\t\t\t<\/div>\n\t\t\t\t<\/div>\n\t\t\t\t\t<\/div>\n\t\t<\/div>\n\t\t\t\t<div class=\"elementor-column elementor-col-33 elementor-top-column elementor-element elementor-element-5216322\" data-id=\"5216322\" data-element_type=\"column\" data-settings=\"{&quot;background_background&quot;:&quot;gradient&quot;}\">\n\t\t\t<div class=\"elementor-widget-wrap elementor-element-populated\">\n\t\t\t\t\t\t<div class=\"elementor-element elementor-element-9628e2d elementor-widget elementor-widget-heading\" data-id=\"9628e2d\" data-element_type=\"widget\" data-widget_type=\"heading.default\">\n\t\t\t\t<div class=\"elementor-widget-container\">\n\t\t\t\t\t<h4 class=\"elementor-heading-title elementor-size-default\">Contatos<\/h4>\t\t\t\t<\/div>\n\t\t\t\t<\/div>\n\t\t\t\t<div class=\"elementor-element elementor-element-6021cb4 elementor-widget-divider--view-line elementor-widget elementor-widget-divider\" data-id=\"6021cb4\" data-element_type=\"widget\" data-widget_type=\"divider.default\">\n\t\t\t\t<div class=\"elementor-widget-container\">\n\t\t\t\t\t\t\t<div class=\"elementor-divider\">\n\t\t\t<span class=\"elementor-divider-separator\">\n\t\t\t\t\t\t<\/span>\n\t\t<\/div>\n\t\t\t\t\t\t<\/div>\n\t\t\t\t<\/div>\n\t\t\t\t<div class=\"elementor-element elementor-element-3035078 elementor-view-default elementor-widget elementor-widget-icon\" data-id=\"3035078\" data-element_type=\"widget\" data-widget_type=\"icon.default\">\n\t\t\t\t<div class=\"elementor-widget-container\">\n\t\t\t\t\t\t\t<div class=\"elementor-icon-wrapper\">\n\t\t\t<a class=\"elementor-icon\" href=\"https:\/\/shre.ink\/Aal\" target=\"_blank\">\n\t\t\t<i aria-hidden=\"true\" class=\"fab fa-whatsapp-square\"><\/i>\t\t\t<\/a>\n\t\t<\/div>\n\t\t\t\t\t\t<\/div>\n\t\t\t\t<\/div>\n\t\t\t\t<div class=\"elementor-element elementor-element-4e03583 elementor-widget elementor-widget-text-editor\" data-id=\"4e03583\" data-element_type=\"widget\" data-widget_type=\"text-editor.default\">\n\t\t\t\t<div class=\"elementor-widget-container\">\n\t\t\t\t\t\t\t\t\t<p>(84) 98819-3920<\/p><p>bernardoadv@email.com<\/p>\t\t\t\t\t\t\t\t<\/div>\n\t\t\t\t<\/div>\n\t\t\t\t\t<\/div>\n\t\t<\/div>\n\t\t\t\t\t<\/div>\n\t\t<\/section>\n\t\t\t\t<section class=\"elementor-section elementor-top-section elementor-element elementor-element-9cf8e0b elementor-section-boxed elementor-section-height-default elementor-section-height-default\" data-id=\"9cf8e0b\" data-element_type=\"section\" data-settings=\"{&quot;background_background&quot;:&quot;gradient&quot;}\">\n\t\t\t\t\t\t<div class=\"elementor-container elementor-column-gap-default\">\n\t\t\t\t\t<div class=\"elementor-column elementor-col-100 elementor-top-column elementor-element elementor-element-2cead07\" data-id=\"2cead07\" data-element_type=\"column\">\n\t\t\t<div class=\"elementor-widget-wrap elementor-element-populated\">\n\t\t\t\t\t\t<div class=\"elementor-element elementor-element-9d1a8c5 elementor-widget elementor-widget-text-editor\" data-id=\"9d1a8c5\" data-element_type=\"widget\" data-widget_type=\"text-editor.default\">\n\t\t\t\t<div class=\"elementor-widget-container\">\n\t\t\t\t\t\t\t\t\t<p><a href=\"https:\/\/shre.ink\/Aal\" target=\"_blank\" style=\"font-size: 1rem;\">Brito\u00b4s Tec Marketing Digital<\/a>. Copyright \u00ae 2022. Todos os direitos reservados.<\/p>\t\t\t\t\t\t\t\t<\/div>\n\t\t\t\t<\/div>\n\t\t\t\t\t<\/div>\n\t\t<\/div>\n\t\t\t\t\t<\/div>\n\t\t<\/section>\n\t\t\t\t<\/div>\n\t\t","protected":false},"excerpt":{"rendered":"<p>NOSSO PERFIL E FILOSOFIA DE TRABALHO \u00a0 \u00a0 Somos uma Escrit\u00f3rio de Advocacia especializado em Direito Previdenci\u00e1rio, buscando desenvolver m\u00e9todos de trabalho modernos, eficientes e eficazes, voltados \u00e0s demandas dos nossos clientes. Focamos no atendimento pessoal, de forma individualizada e personalizada, por entendermos que cada cliente tem sua forma de pensar, sentir e agir, como [&hellip;]<\/p>\n","protected":false},"author":1,"featured_media":0,"parent":0,"menu_order":0,"comment_status":"closed","ping_status":"closed","template":"elementor_canvas","meta":{"footnotes":""},"class_list":["post-17","page","type-page","status-publish","hentry"],"_links":{"self":[{"href":"https:\/\/sitteresponsivo.com.br\/advocacia\/wp-json\/wp\/v2\/pages\/17","targetHints":{"allow":["GET"]}}],"collection":[{"href":"https:\/\/sitteresponsivo.com.br\/advocacia\/wp-json\/wp\/v2\/pages"}],"about":[{"href":"https:\/\/sitteresponsivo.com.br\/advocacia\/wp-json\/wp\/v2\/types\/page"}],"author":[{"embeddable":true,"href":"https:\/\/sitteresponsivo.com.br\/advocacia\/wp-json\/wp\/v2\/users\/1"}],"replies":[{"embeddable":true,"href":"https:\/\/sitteresponsivo.com.br\/advocacia\/wp-json\/wp\/v2\/comments?post=17"}],"version-history":[{"count":151,"href":"https:\/\/sitteresponsivo.com.br\/advocacia\/wp-json\/wp\/v2\/pages\/17\/revisions"}],"predecessor-version":[{"id":522,"href":"https:\/\/sitteresponsivo.com.br\/advocacia\/wp-json\/wp\/v2\/pages\/17\/revisions\/522"}],"wp:attachment":[{"href":"https:\/\/sitteresponsivo.com.br\/advocacia\/wp-json\/wp\/v2\/media?parent=17"}],"curies":[{"name":"wp","href":"https:\/\/api.w.org\/{rel}","templated":true}]}}