{"id":19,"date":"2022-06-02T14:52:20","date_gmt":"2022-06-02T14:52:20","guid":{"rendered":"https:\/\/sitteresponsivo.com.br\/advocacia\/?page_id=19"},"modified":"2022-06-03T21:10:08","modified_gmt":"2022-06-03T21:10:08","slug":"nossos-servicos","status":"publish","type":"page","link":"https:\/\/sitteresponsivo.com.br\/advocacia\/nossos-servicos\/","title":{"rendered":"Nossos Servi\u00e7os"},"content":{"rendered":"\t\t<div data-elementor-type=\"wp-page\" data-elementor-id=\"19\" class=\"elementor elementor-19\">\n\t\t\t\t\t\t<section class=\"elementor-section elementor-top-section elementor-element elementor-element-7f11d0e8 elementor-section-boxed elementor-section-height-default elementor-section-height-default\" data-id=\"7f11d0e8\" data-element_type=\"section\" data-settings=\"{&quot;background_background&quot;:&quot;gradient&quot;}\">\n\t\t\t\t\t\t\t<div class=\"elementor-background-overlay\"><\/div>\n\t\t\t\t\t\t\t<div class=\"elementor-container elementor-column-gap-default\">\n\t\t\t\t\t<div class=\"elementor-column elementor-col-50 elementor-top-column elementor-element elementor-element-69127ad9\" data-id=\"69127ad9\" data-element_type=\"column\">\n\t\t\t<div class=\"elementor-widget-wrap elementor-element-populated\">\n\t\t\t\t\t\t<div class=\"elementor-element elementor-element-1e5c3ba6 elementor-widget elementor-widget-image\" data-id=\"1e5c3ba6\" data-element_type=\"widget\" data-widget_type=\"image.default\">\n\t\t\t\t<div class=\"elementor-widget-container\">\n\t\t\t\t\t\t\t\t\t\t\t\t\t\t\t\t<a href=\"https:\/\/sitteresponsivo.com.br\/advocacia\">\n\t\t\t\t\t\t\t<img decoding=\"async\" width=\"250\" height=\"100\" src=\"https:\/\/sitteresponsivo.com.br\/advocacia\/wp-content\/uploads\/2022\/06\/logo-advocacia.png\" class=\"attachment-large size-large wp-image-26\" alt=\"Logo Advocacia\" \/>\t\t\t\t\t\t\t\t<\/a>\n\t\t\t\t\t\t\t\t\t\t\t\t\t\t\t<\/div>\n\t\t\t\t<\/div>\n\t\t\t\t\t<\/div>\n\t\t<\/div>\n\t\t\t\t<div class=\"elementor-column elementor-col-50 elementor-top-column elementor-element elementor-element-68ac463f\" data-id=\"68ac463f\" data-element_type=\"column\">\n\t\t\t<div class=\"elementor-widget-wrap elementor-element-populated\">\n\t\t\t\t\t\t<div class=\"elementor-element elementor-element-568c07f4 zeus-menu-align-justify elementor-widget__width-inherit zeus-toggle-align-center zeus-dropdown-yes elementor-widget elementor-widget-zeus-menu\" data-id=\"568c07f4\" data-element_type=\"widget\" data-settings=\"{&quot;is_sticky&quot;:&quot;yes&quot;,&quot;layout&quot;:&quot;horizontal&quot;,&quot;dropdown&quot;:&quot;tablet&quot;,&quot;dropdown_full_width&quot;:&quot;yes&quot;}\" data-widget_type=\"zeus-menu.default\">\n\t\t\t\t<div class=\"elementor-widget-container\">\n\t\t\t\t\t\n\t\t<div class=\"zeus-menu-wrapper zeus-menu-dropdown-tablet\" data-background=\"\">\n\n\t\t\t\t\t\t\t<nav role=\"navigation\" itemscope=\"itemscope\" itemtype=\"https:\/\/schema.org\/SiteNavigationElement\" class=\"zeus-menu-main zeus-menu-container zeus-menu-layout-horizontal\"><ul id=\"menu-1-568c07f4\" class=\"zeus-menu zeus-ul\"><li class=\"menu-item menu-item-type-post_type menu-item-object-page menu-item-home menu-item-16\"><a href=\"https:\/\/sitteresponsivo.com.br\/advocacia\/\" class=\"zeus-item\">Home<\/a><\/li>\n<li class=\"menu-item menu-item-type-post_type menu-item-object-page menu-item-23\"><a href=\"https:\/\/sitteresponsivo.com.br\/advocacia\/quem-somos\/\" class=\"zeus-item\">Quem Somos<\/a><\/li>\n<li class=\"menu-item menu-item-type-post_type menu-item-object-page menu-item-24\"><a href=\"https:\/\/sitteresponsivo.com.br\/advocacia\/nossos-servicos\/\" class=\"zeus-item\">Nossos Servi\u00e7os<\/a><\/li>\n<li class=\"menu-item menu-item-type-post_type menu-item-object-page menu-item-25\"><a href=\"https:\/\/sitteresponsivo.com.br\/advocacia\/blog\/\" class=\"zeus-item\">Blog<\/a><\/li>\n<\/ul><\/nav>\n\t\t\t\t\t\t\t\t<div class=\"zeus-menu-toggle\" role=\"button\" tabindex=\"0\" aria-label=\"Menu Toggle\" aria-expanded=\"false\">\n\t\t\t\t\t<div class=\"zeus-menu-toggle-icon\">\n\t\t\t\t\t\t<svg viewBox=\"0 0 512 512\" aria-hidden=\"true\" role=\"img\" version=\"1.1\" xmlns=\"http:\/\/www.w3.org\/2000\/svg\" xmlns:xlink=\"http:\/\/www.w3.org\/1999\/xlink\" width=\"1em\" height=\"1em\"><path d=\"M0 96c0-13.255 10.745-24 24-24h464c13.255 0 24 10.745 24 24s-10.745 24-24 24H24c-13.255 0-24-10.745-24-24zm0 160c0-13.255 10.745-24 24-24h464c13.255 0 24 10.745 24 24s-10.745 24-24 24H24c-13.255 0-24-10.745-24-24zm0 160c0-13.255 10.745-24 24-24h464c13.255 0 24 10.745 24 24s-10.745 24-24 24H24c-13.255 0-24-10.745-24-24z\"><\/path><\/svg><svg viewBox=\"0 0 512 512\" aria-hidden=\"true\" role=\"img\" version=\"1.1\" xmlns=\"http:\/\/www.w3.org\/2000\/svg\" xmlns:xlink=\"http:\/\/www.w3.org\/1999\/xlink\" width=\"1em\" height=\"1em\"><path d=\"M71.029 71.029c9.373-9.372 24.569-9.372 33.942 0L256 222.059l151.029-151.03c9.373-9.372 24.569-9.372 33.942 0 9.372 9.373 9.372 24.569 0 33.942L289.941 256l151.03 151.029c9.372 9.373 9.372 24.569 0 33.942-9.373 9.372-24.569 9.372-33.942 0L256 289.941l-151.029 151.03c-9.373 9.372-24.569 9.372-33.942 0-9.372-9.373-9.372-24.569 0-33.942L222.059 256 71.029 104.971c-9.372-9.373-9.372-24.569 0-33.942z\"><\/path><\/svg>\n\t\t\t\t\t\t<span class=\"screen-reader-text\">Menu<\/span>\n\t\t\t\t\t<\/div>\n\n\t\t\t\t\t<nav class=\"zeus-menu-toggle-dropdown\" role=\"navigation\" aria-hidden=\"true\" itemscope=\"itemscope\" itemtype=\"https:\/\/schema.org\/SiteNavigationElement\"><ul id=\"menu-2-568c07f4\" class=\"zeus-dropdown-menu\"><li class=\"menu-item menu-item-type-post_type menu-item-object-page menu-item-home menu-item-16\"><a href=\"https:\/\/sitteresponsivo.com.br\/advocacia\/\" class=\"zeus-item\" tabindex=\"-1\">Home<\/a><\/li>\n<li class=\"menu-item menu-item-type-post_type menu-item-object-page menu-item-23\"><a href=\"https:\/\/sitteresponsivo.com.br\/advocacia\/quem-somos\/\" class=\"zeus-item\" tabindex=\"-1\">Quem Somos<\/a><\/li>\n<li class=\"menu-item menu-item-type-post_type menu-item-object-page menu-item-24\"><a href=\"https:\/\/sitteresponsivo.com.br\/advocacia\/nossos-servicos\/\" class=\"zeus-item\" tabindex=\"-1\">Nossos Servi\u00e7os<\/a><\/li>\n<li class=\"menu-item menu-item-type-post_type menu-item-object-page menu-item-25\"><a href=\"https:\/\/sitteresponsivo.com.br\/advocacia\/blog\/\" class=\"zeus-item\" tabindex=\"-1\">Blog<\/a><\/li>\n<\/ul><\/nav>\n\t\t\t\t<\/div>\n\t\t\t\t\n\t\t<\/div>\n\n\t\t\t\t\t\t<\/div>\n\t\t\t\t<\/div>\n\t\t\t\t\t<\/div>\n\t\t<\/div>\n\t\t\t\t\t<\/div>\n\t\t<\/section>\n\t\t\t\t<section class=\"elementor-section elementor-top-section elementor-element elementor-element-a5b11cb elementor-section-height-min-height elementor-section-boxed elementor-section-height-default elementor-section-items-middle\" data-id=\"a5b11cb\" data-element_type=\"section\" data-settings=\"{&quot;background_background&quot;:&quot;classic&quot;}\">\n\t\t\t\t\t\t<div class=\"elementor-container elementor-column-gap-default\">\n\t\t\t\t\t<div class=\"elementor-column elementor-col-100 elementor-top-column elementor-element elementor-element-2656558\" data-id=\"2656558\" data-element_type=\"column\">\n\t\t\t<div class=\"elementor-widget-wrap elementor-element-populated\">\n\t\t\t\t\t\t<div class=\"elementor-element elementor-element-8653525 elementor-invisible elementor-widget elementor-widget-heading\" data-id=\"8653525\" data-element_type=\"widget\" data-settings=\"{&quot;_animation&quot;:&quot;fadeInLeft&quot;}\" data-widget_type=\"heading.default\">\n\t\t\t\t<div class=\"elementor-widget-container\">\n\t\t\t\t\t<h2 class=\"elementor-heading-title elementor-size-default\">Nossos Servi\u00e7os e o que entregamos de Valor <\/h2>\t\t\t\t<\/div>\n\t\t\t\t<\/div>\n\t\t\t\t\t<\/div>\n\t\t<\/div>\n\t\t\t\t\t<\/div>\n\t\t<\/section>\n\t\t\t\t<section class=\"elementor-section elementor-top-section elementor-element elementor-element-d6fac82 elementor-section-boxed elementor-section-height-default elementor-section-height-default\" data-id=\"d6fac82\" data-element_type=\"section\" data-settings=\"{&quot;background_background&quot;:&quot;classic&quot;}\">\n\t\t\t\t\t\t<div class=\"elementor-container elementor-column-gap-default\">\n\t\t\t\t\t<div class=\"elementor-column elementor-col-33 elementor-top-column elementor-element elementor-element-464c7c5 elementor-invisible\" data-id=\"464c7c5\" data-element_type=\"column\" data-settings=\"{&quot;background_background&quot;:&quot;classic&quot;,&quot;animation&quot;:&quot;bounceIn&quot;}\">\n\t\t\t<div class=\"elementor-widget-wrap elementor-element-populated\">\n\t\t\t\t\t\t<div class=\"elementor-element elementor-element-280d36c elementor-position-top elementor-widget elementor-widget-image-box\" data-id=\"280d36c\" data-element_type=\"widget\" data-widget_type=\"image-box.default\">\n\t\t\t\t<div class=\"elementor-widget-container\">\n\t\t\t\t\t<div class=\"elementor-image-box-wrapper\"><figure class=\"elementor-image-box-img\"><img decoding=\"async\" width=\"167\" height=\"167\" src=\"https:\/\/sitteresponsivo.com.br\/advocacia\/wp-content\/uploads\/2022\/06\/direito-previdenciario-icone.png\" class=\"elementor-animation-grow attachment-full size-full wp-image-557\" alt=\"Direito Previdenci\u00e1rio\" srcset=\"https:\/\/sitteresponsivo.com.br\/advocacia\/wp-content\/uploads\/2022\/06\/direito-previdenciario-icone.png 167w, https:\/\/sitteresponsivo.com.br\/advocacia\/wp-content\/uploads\/2022\/06\/direito-previdenciario-icone-150x150.png 150w\" sizes=\"(max-width: 167px) 100vw, 167px\" \/><\/figure><div class=\"elementor-image-box-content\"><h3 class=\"elementor-image-box-title\">Direito Previdenci\u00e1rio<\/h3><p class=\"elementor-image-box-description\">O direito previdenci\u00e1rio \u00e9 um ramo do direito p\u00fablico surgido da conquista dos direitos sociais no fim do s\u00e9culo XIX e in\u00edcio do s\u00e9culo XX. Seu objetivo \u00e9 o estudo e a regulamenta\u00e7\u00e3o do instituto seguridade social.<\/p><\/div><\/div>\t\t\t\t<\/div>\n\t\t\t\t<\/div>\n\t\t\t\t\t<\/div>\n\t\t<\/div>\n\t\t\t\t<div class=\"elementor-column elementor-col-33 elementor-top-column elementor-element elementor-element-781fcad elementor-invisible\" data-id=\"781fcad\" data-element_type=\"column\" data-settings=\"{&quot;background_background&quot;:&quot;classic&quot;,&quot;animation&quot;:&quot;bounceIn&quot;}\">\n\t\t\t<div class=\"elementor-widget-wrap elementor-element-populated\">\n\t\t\t\t\t\t<div class=\"elementor-element elementor-element-62ecf41 elementor-position-top elementor-widget elementor-widget-image-box\" data-id=\"62ecf41\" data-element_type=\"widget\" data-widget_type=\"image-box.default\">\n\t\t\t\t<div class=\"elementor-widget-container\">\n\t\t\t\t\t<div class=\"elementor-image-box-wrapper\"><figure class=\"elementor-image-box-img\"><img fetchpriority=\"high\" decoding=\"async\" width=\"252\" height=\"250\" src=\"https:\/\/sitteresponsivo.com.br\/advocacia\/wp-content\/uploads\/2022\/06\/direito-trabalhista.png\" class=\"elementor-animation-grow attachment-full size-full wp-image-559\" alt=\"Direito Trabalhista\" srcset=\"https:\/\/sitteresponsivo.com.br\/advocacia\/wp-content\/uploads\/2022\/06\/direito-trabalhista.png 252w, https:\/\/sitteresponsivo.com.br\/advocacia\/wp-content\/uploads\/2022\/06\/direito-trabalhista-150x150.png 150w\" sizes=\"(max-width: 252px) 100vw, 252px\" \/><\/figure><div class=\"elementor-image-box-content\"><h3 class=\"elementor-image-box-title\">Direito <br>Trabalhista<\/h3><p class=\"elementor-image-box-description\">O direito do trabalho, tamb\u00e9m chamado de direito trabalhista, \u00e9 um ramo do direito privado que \u00e9 respons\u00e1vel por regular a rela\u00e7\u00e3o jur\u00eddica entre trabalhadores e empregadores, baseado nos princ\u00edpios e leis trabalhistas. O direito do trabalho \u00e9 um dos ramos do direito privado mais importantes para a sociedade.<\/p><\/div><\/div>\t\t\t\t<\/div>\n\t\t\t\t<\/div>\n\t\t\t\t\t<\/div>\n\t\t<\/div>\n\t\t\t\t<div class=\"elementor-column elementor-col-33 elementor-top-column elementor-element elementor-element-40ac25a elementor-invisible\" data-id=\"40ac25a\" data-element_type=\"column\" data-settings=\"{&quot;background_background&quot;:&quot;classic&quot;,&quot;animation&quot;:&quot;bounceIn&quot;}\">\n\t\t\t<div class=\"elementor-widget-wrap elementor-element-populated\">\n\t\t\t\t\t\t<div class=\"elementor-element elementor-element-a3e9b22 elementor-position-top elementor-widget elementor-widget-image-box\" data-id=\"a3e9b22\" data-element_type=\"widget\" data-widget_type=\"image-box.default\">\n\t\t\t\t<div class=\"elementor-widget-container\">\n\t\t\t\t\t<div class=\"elementor-image-box-wrapper\"><figure class=\"elementor-image-box-img\"><img loading=\"lazy\" decoding=\"async\" width=\"249\" height=\"249\" src=\"https:\/\/sitteresponsivo.com.br\/advocacia\/wp-content\/uploads\/2022\/06\/direito-civil-icone.png\" class=\"elementor-animation-grow attachment-full size-full wp-image-564\" alt=\"Direito Civil\" srcset=\"https:\/\/sitteresponsivo.com.br\/advocacia\/wp-content\/uploads\/2022\/06\/direito-civil-icone.png 249w, https:\/\/sitteresponsivo.com.br\/advocacia\/wp-content\/uploads\/2022\/06\/direito-civil-icone-150x150.png 150w\" sizes=\"(max-width: 249px) 100vw, 249px\" \/><\/figure><div class=\"elementor-image-box-content\"><h3 class=\"elementor-image-box-title\">Direito<br>Civil<\/h3><p class=\"elementor-image-box-description\">O Direito Civil \u00e9 o ramo do direito privado que trata das normas que regulam os direitos e obriga\u00e7\u00f5es das pessoas f\u00edsicas e jur\u00eddicas nas suas rela\u00e7\u00f5es patrimoniais, familiares e obrigacionais.<\/p><\/div><\/div>\t\t\t\t<\/div>\n\t\t\t\t<\/div>\n\t\t\t\t\t<\/div>\n\t\t<\/div>\n\t\t\t\t\t<\/div>\n\t\t<\/section>\n\t\t\t\t<section class=\"elementor-section elementor-top-section elementor-element elementor-element-2834b63 elementor-section-boxed elementor-section-height-default elementor-section-height-default\" data-id=\"2834b63\" data-element_type=\"section\" data-settings=\"{&quot;background_background&quot;:&quot;classic&quot;}\">\n\t\t\t\t\t\t<div class=\"elementor-container elementor-column-gap-default\">\n\t\t\t\t\t<div class=\"elementor-column elementor-col-33 elementor-top-column elementor-element elementor-element-ffa5b92\" data-id=\"ffa5b92\" data-element_type=\"column\" data-settings=\"{&quot;background_background&quot;:&quot;gradient&quot;}\">\n\t\t\t<div class=\"elementor-widget-wrap elementor-element-populated\">\n\t\t\t\t\t\t<div class=\"elementor-element elementor-element-714c194 elementor-widget elementor-widget-heading\" data-id=\"714c194\" data-element_type=\"widget\" data-widget_type=\"heading.default\">\n\t\t\t\t<div class=\"elementor-widget-container\">\n\t\t\t\t\t<h3 class=\"elementor-heading-title elementor-size-default\">Bernardo Advocacia<\/h3>\t\t\t\t<\/div>\n\t\t\t\t<\/div>\n\t\t\t\t<div class=\"elementor-element elementor-element-6721d9d elementor-invisible elementor-widget elementor-widget-text-editor\" data-id=\"6721d9d\" data-element_type=\"widget\" data-settings=\"{&quot;_animation&quot;:&quot;fadeIn&quot;}\" data-widget_type=\"text-editor.default\">\n\t\t\t\t<div class=\"elementor-widget-container\">\n\t\t\t\t\t\t\t\t\t<p>Atuamos de forma t\u00e9cnica, especializada e competente. Possu\u00edmos uma boa reputa\u00e7\u00e3o junto aos nossos clientes, e isso se deve ao bom relacionamento que buscamos ter com os mesmos &#8211; de profissionalismo e ao mesmo tempo de parceria.<\/p>\n<p>Conhe\u00e7a-nos melhor e comprove o que estamos vos apresentando nessa nossa identifica\u00e7\u00e3o!<\/p>\t\t\t\t\t\t\t\t<\/div>\n\t\t\t\t<\/div>\n\t\t\t\t\t<\/div>\n\t\t<\/div>\n\t\t\t\t<div class=\"elementor-column elementor-col-33 elementor-top-column elementor-element elementor-element-c8591fb\" data-id=\"c8591fb\" data-element_type=\"column\" data-settings=\"{&quot;background_background&quot;:&quot;gradient&quot;}\">\n\t\t\t<div class=\"elementor-widget-wrap elementor-element-populated\">\n\t\t\t\t\t\t<div class=\"elementor-element elementor-element-fb1a20a elementor-widget elementor-widget-image\" data-id=\"fb1a20a\" data-element_type=\"widget\" data-widget_type=\"image.default\">\n\t\t\t\t<div class=\"elementor-widget-container\">\n\t\t\t\t\t\t\t\t\t\t\t\t\t\t\t<img loading=\"lazy\" decoding=\"async\" width=\"626\" height=\"417\" src=\"https:\/\/sitteresponsivo.com.br\/advocacia\/wp-content\/uploads\/2022\/06\/fundo-de-pagina-5.jpg\" class=\"attachment-large size-large wp-image-476\" alt=\"Bernardo Advocacia\" srcset=\"https:\/\/sitteresponsivo.com.br\/advocacia\/wp-content\/uploads\/2022\/06\/fundo-de-pagina-5.jpg 626w, https:\/\/sitteresponsivo.com.br\/advocacia\/wp-content\/uploads\/2022\/06\/fundo-de-pagina-5-300x200.jpg 300w\" sizes=\"(max-width: 626px) 100vw, 626px\" \/>\t\t\t\t\t\t\t\t\t\t\t\t\t\t\t<\/div>\n\t\t\t\t<\/div>\n\t\t\t\t\t<\/div>\n\t\t<\/div>\n\t\t\t\t<div class=\"elementor-column elementor-col-33 elementor-top-column elementor-element elementor-element-a115652\" data-id=\"a115652\" data-element_type=\"column\" data-settings=\"{&quot;background_background&quot;:&quot;gradient&quot;}\">\n\t\t\t<div class=\"elementor-widget-wrap elementor-element-populated\">\n\t\t\t\t\t\t<div class=\"elementor-element elementor-element-598f9e0 elementor-widget elementor-widget-heading\" data-id=\"598f9e0\" data-element_type=\"widget\" data-widget_type=\"heading.default\">\n\t\t\t\t<div class=\"elementor-widget-container\">\n\t\t\t\t\t<h4 class=\"elementor-heading-title elementor-size-default\">Contatos<\/h4>\t\t\t\t<\/div>\n\t\t\t\t<\/div>\n\t\t\t\t<div class=\"elementor-element elementor-element-30ec5f9 elementor-widget-divider--view-line elementor-widget elementor-widget-divider\" data-id=\"30ec5f9\" data-element_type=\"widget\" data-widget_type=\"divider.default\">\n\t\t\t\t<div class=\"elementor-widget-container\">\n\t\t\t\t\t\t\t<div class=\"elementor-divider\">\n\t\t\t<span class=\"elementor-divider-separator\">\n\t\t\t\t\t\t<\/span>\n\t\t<\/div>\n\t\t\t\t\t\t<\/div>\n\t\t\t\t<\/div>\n\t\t\t\t<div class=\"elementor-element elementor-element-66bcda1 elementor-view-default elementor-widget elementor-widget-icon\" data-id=\"66bcda1\" data-element_type=\"widget\" data-widget_type=\"icon.default\">\n\t\t\t\t<div class=\"elementor-widget-container\">\n\t\t\t\t\t\t\t<div class=\"elementor-icon-wrapper\">\n\t\t\t<a class=\"elementor-icon\" href=\"https:\/\/shre.ink\/Aal\" target=\"_blank\">\n\t\t\t<i aria-hidden=\"true\" class=\"fab fa-whatsapp-square\"><\/i>\t\t\t<\/a>\n\t\t<\/div>\n\t\t\t\t\t\t<\/div>\n\t\t\t\t<\/div>\n\t\t\t\t<div class=\"elementor-element elementor-element-9377ed8 elementor-invisible elementor-widget elementor-widget-text-editor\" data-id=\"9377ed8\" data-element_type=\"widget\" data-settings=\"{&quot;_animation&quot;:&quot;fadeIn&quot;}\" data-widget_type=\"text-editor.default\">\n\t\t\t\t<div class=\"elementor-widget-container\">\n\t\t\t\t\t\t\t\t\t<p>(84) 98819-3920<\/p><p>bernardoadv@email.com<\/p>\t\t\t\t\t\t\t\t<\/div>\n\t\t\t\t<\/div>\n\t\t\t\t\t<\/div>\n\t\t<\/div>\n\t\t\t\t\t<\/div>\n\t\t<\/section>\n\t\t\t\t<section class=\"elementor-section elementor-top-section elementor-element elementor-element-b7150fb elementor-section-boxed elementor-section-height-default elementor-section-height-default\" data-id=\"b7150fb\" data-element_type=\"section\" data-settings=\"{&quot;background_background&quot;:&quot;gradient&quot;}\">\n\t\t\t\t\t\t<div class=\"elementor-container elementor-column-gap-default\">\n\t\t\t\t\t<div class=\"elementor-column elementor-col-100 elementor-top-column elementor-element elementor-element-8930bd6\" data-id=\"8930bd6\" data-element_type=\"column\">\n\t\t\t<div class=\"elementor-widget-wrap elementor-element-populated\">\n\t\t\t\t\t\t<div class=\"elementor-element elementor-element-eff9eda elementor-widget elementor-widget-text-editor\" data-id=\"eff9eda\" data-element_type=\"widget\" data-widget_type=\"text-editor.default\">\n\t\t\t\t<div class=\"elementor-widget-container\">\n\t\t\t\t\t\t\t\t\t<p><a href=\"https:\/\/shre.ink\/Aal\" target=\"_blank\" style=\"font-size: 1rem;\">Brito\u00b4s Tec Marketing Digital<\/a>. Copyright \u00ae 2022. Todos os direitos reservados.<\/p>\t\t\t\t\t\t\t\t<\/div>\n\t\t\t\t<\/div>\n\t\t\t\t\t<\/div>\n\t\t<\/div>\n\t\t\t\t\t<\/div>\n\t\t<\/section>\n\t\t\t\t<\/div>\n\t\t","protected":false},"excerpt":{"rendered":"<p>Nossos Servi\u00e7os e o que entregamos de Valor Direito Previdenci\u00e1rio O direito previdenci\u00e1rio \u00e9 um ramo do direito p\u00fablico surgido da conquista dos direitos sociais no fim do s\u00e9culo XIX e in\u00edcio do s\u00e9culo XX. Seu objetivo \u00e9 o estudo e a regulamenta\u00e7\u00e3o do instituto seguridade social. Direito Trabalhista O direito do trabalho, tamb\u00e9m chamado [&hellip;]<\/p>\n","protected":false},"author":1,"featured_media":0,"parent":0,"menu_order":0,"comment_status":"closed","ping_status":"closed","template":"elementor_canvas","meta":{"footnotes":""},"class_list":["post-19","page","type-page","status-publish","hentry"],"_links":{"self":[{"href":"https:\/\/sitteresponsivo.com.br\/advocacia\/wp-json\/wp\/v2\/pages\/19","targetHints":{"allow":["GET"]}}],"collection":[{"href":"https:\/\/sitteresponsivo.com.br\/advocacia\/wp-json\/wp\/v2\/pages"}],"about":[{"href":"https:\/\/sitteresponsivo.com.br\/advocacia\/wp-json\/wp\/v2\/types\/page"}],"author":[{"embeddable":true,"href":"https:\/\/sitteresponsivo.com.br\/advocacia\/wp-json\/wp\/v2\/users\/1"}],"replies":[{"embeddable":true,"href":"https:\/\/sitteresponsivo.com.br\/advocacia\/wp-json\/wp\/v2\/comments?post=19"}],"version-history":[{"count":103,"href":"https:\/\/sitteresponsivo.com.br\/advocacia\/wp-json\/wp\/v2\/pages\/19\/revisions"}],"predecessor-version":[{"id":643,"href":"https:\/\/sitteresponsivo.com.br\/advocacia\/wp-json\/wp\/v2\/pages\/19\/revisions\/643"}],"wp:attachment":[{"href":"https:\/\/sitteresponsivo.com.br\/advocacia\/wp-json\/wp\/v2\/media?parent=19"}],"curies":[{"name":"wp","href":"https:\/\/api.w.org\/{rel}","templated":true}]}}