{"id":21,"date":"2022-06-02T14:52:39","date_gmt":"2022-06-02T14:52:39","guid":{"rendered":"https:\/\/sitteresponsivo.com.br\/advocacia\/?page_id=21"},"modified":"2022-06-05T21:48:33","modified_gmt":"2022-06-05T21:48:33","slug":"blog","status":"publish","type":"page","link":"https:\/\/sitteresponsivo.com.br\/advocacia\/blog\/","title":{"rendered":"Blog"},"content":{"rendered":"\t\t<div data-elementor-type=\"wp-page\" data-elementor-id=\"21\" class=\"elementor elementor-21\">\n\t\t\t\t\t\t<section class=\"elementor-section elementor-top-section elementor-element elementor-element-1058f5e2 elementor-section-boxed elementor-section-height-default elementor-section-height-default\" data-id=\"1058f5e2\" data-element_type=\"section\" data-settings=\"{&quot;background_background&quot;:&quot;gradient&quot;}\">\n\t\t\t\t\t\t\t<div class=\"elementor-background-overlay\"><\/div>\n\t\t\t\t\t\t\t<div class=\"elementor-container elementor-column-gap-default\">\n\t\t\t\t\t<div class=\"elementor-column elementor-col-50 elementor-top-column elementor-element elementor-element-2e85a0ff\" data-id=\"2e85a0ff\" data-element_type=\"column\">\n\t\t\t<div class=\"elementor-widget-wrap elementor-element-populated\">\n\t\t\t\t\t\t<div class=\"elementor-element elementor-element-109db951 elementor-widget elementor-widget-image\" data-id=\"109db951\" data-element_type=\"widget\" data-widget_type=\"image.default\">\n\t\t\t\t<div class=\"elementor-widget-container\">\n\t\t\t\t\t\t\t\t\t\t\t\t\t\t\t\t<a href=\"https:\/\/sitteresponsivo.com.br\/advocacia\">\n\t\t\t\t\t\t\t<img decoding=\"async\" width=\"250\" height=\"100\" src=\"https:\/\/sitteresponsivo.com.br\/advocacia\/wp-content\/uploads\/2022\/06\/logo-advocacia.png\" class=\"attachment-large size-large wp-image-26\" alt=\"Logo Advocacia\" \/>\t\t\t\t\t\t\t\t<\/a>\n\t\t\t\t\t\t\t\t\t\t\t\t\t\t\t<\/div>\n\t\t\t\t<\/div>\n\t\t\t\t\t<\/div>\n\t\t<\/div>\n\t\t\t\t<div class=\"elementor-column elementor-col-50 elementor-top-column elementor-element elementor-element-6a1a08c\" data-id=\"6a1a08c\" data-element_type=\"column\">\n\t\t\t<div class=\"elementor-widget-wrap elementor-element-populated\">\n\t\t\t\t\t\t<div class=\"elementor-element elementor-element-56177d5 zeus-menu-align-justify elementor-widget__width-inherit zeus-toggle-align-center zeus-dropdown-yes elementor-widget elementor-widget-zeus-menu\" data-id=\"56177d5\" data-element_type=\"widget\" data-settings=\"{&quot;is_sticky&quot;:&quot;yes&quot;,&quot;layout&quot;:&quot;horizontal&quot;,&quot;dropdown&quot;:&quot;tablet&quot;,&quot;dropdown_full_width&quot;:&quot;yes&quot;}\" data-widget_type=\"zeus-menu.default\">\n\t\t\t\t<div class=\"elementor-widget-container\">\n\t\t\t\t\t\n\t\t<div class=\"zeus-menu-wrapper zeus-menu-dropdown-tablet\" data-background=\"\">\n\n\t\t\t\t\t\t\t<nav role=\"navigation\" itemscope=\"itemscope\" itemtype=\"https:\/\/schema.org\/SiteNavigationElement\" class=\"zeus-menu-main zeus-menu-container zeus-menu-layout-horizontal\"><ul id=\"menu-1-56177d5\" class=\"zeus-menu zeus-ul\"><li class=\"menu-item menu-item-type-post_type menu-item-object-page menu-item-home menu-item-16\"><a href=\"https:\/\/sitteresponsivo.com.br\/advocacia\/\" class=\"zeus-item\">Home<\/a><\/li>\n<li class=\"menu-item menu-item-type-post_type menu-item-object-page menu-item-23\"><a href=\"https:\/\/sitteresponsivo.com.br\/advocacia\/quem-somos\/\" class=\"zeus-item\">Quem Somos<\/a><\/li>\n<li class=\"menu-item menu-item-type-post_type menu-item-object-page menu-item-24\"><a href=\"https:\/\/sitteresponsivo.com.br\/advocacia\/nossos-servicos\/\" class=\"zeus-item\">Nossos Servi\u00e7os<\/a><\/li>\n<li class=\"menu-item menu-item-type-post_type menu-item-object-page menu-item-25\"><a href=\"https:\/\/sitteresponsivo.com.br\/advocacia\/blog\/\" class=\"zeus-item\">Blog<\/a><\/li>\n<\/ul><\/nav>\n\t\t\t\t\t\t\t\t<div class=\"zeus-menu-toggle\" role=\"button\" tabindex=\"0\" aria-label=\"Menu Toggle\" aria-expanded=\"false\">\n\t\t\t\t\t<div class=\"zeus-menu-toggle-icon\">\n\t\t\t\t\t\t<svg viewBox=\"0 0 512 512\" aria-hidden=\"true\" role=\"img\" version=\"1.1\" xmlns=\"http:\/\/www.w3.org\/2000\/svg\" xmlns:xlink=\"http:\/\/www.w3.org\/1999\/xlink\" width=\"1em\" height=\"1em\"><path d=\"M0 96c0-13.255 10.745-24 24-24h464c13.255 0 24 10.745 24 24s-10.745 24-24 24H24c-13.255 0-24-10.745-24-24zm0 160c0-13.255 10.745-24 24-24h464c13.255 0 24 10.745 24 24s-10.745 24-24 24H24c-13.255 0-24-10.745-24-24zm0 160c0-13.255 10.745-24 24-24h464c13.255 0 24 10.745 24 24s-10.745 24-24 24H24c-13.255 0-24-10.745-24-24z\"><\/path><\/svg><svg viewBox=\"0 0 512 512\" aria-hidden=\"true\" role=\"img\" version=\"1.1\" xmlns=\"http:\/\/www.w3.org\/2000\/svg\" xmlns:xlink=\"http:\/\/www.w3.org\/1999\/xlink\" width=\"1em\" height=\"1em\"><path d=\"M71.029 71.029c9.373-9.372 24.569-9.372 33.942 0L256 222.059l151.029-151.03c9.373-9.372 24.569-9.372 33.942 0 9.372 9.373 9.372 24.569 0 33.942L289.941 256l151.03 151.029c9.372 9.373 9.372 24.569 0 33.942-9.373 9.372-24.569 9.372-33.942 0L256 289.941l-151.029 151.03c-9.373 9.372-24.569 9.372-33.942 0-9.372-9.373-9.372-24.569 0-33.942L222.059 256 71.029 104.971c-9.372-9.373-9.372-24.569 0-33.942z\"><\/path><\/svg>\n\t\t\t\t\t\t<span class=\"screen-reader-text\">Menu<\/span>\n\t\t\t\t\t<\/div>\n\n\t\t\t\t\t<nav class=\"zeus-menu-toggle-dropdown\" role=\"navigation\" aria-hidden=\"true\" itemscope=\"itemscope\" itemtype=\"https:\/\/schema.org\/SiteNavigationElement\"><ul id=\"menu-2-56177d5\" class=\"zeus-dropdown-menu\"><li class=\"menu-item menu-item-type-post_type menu-item-object-page menu-item-home menu-item-16\"><a href=\"https:\/\/sitteresponsivo.com.br\/advocacia\/\" class=\"zeus-item\" tabindex=\"-1\">Home<\/a><\/li>\n<li class=\"menu-item menu-item-type-post_type menu-item-object-page menu-item-23\"><a href=\"https:\/\/sitteresponsivo.com.br\/advocacia\/quem-somos\/\" class=\"zeus-item\" tabindex=\"-1\">Quem Somos<\/a><\/li>\n<li class=\"menu-item menu-item-type-post_type menu-item-object-page menu-item-24\"><a href=\"https:\/\/sitteresponsivo.com.br\/advocacia\/nossos-servicos\/\" class=\"zeus-item\" tabindex=\"-1\">Nossos Servi\u00e7os<\/a><\/li>\n<li class=\"menu-item menu-item-type-post_type menu-item-object-page menu-item-25\"><a href=\"https:\/\/sitteresponsivo.com.br\/advocacia\/blog\/\" class=\"zeus-item\" tabindex=\"-1\">Blog<\/a><\/li>\n<\/ul><\/nav>\n\t\t\t\t<\/div>\n\t\t\t\t\n\t\t<\/div>\n\n\t\t\t\t\t\t<\/div>\n\t\t\t\t<\/div>\n\t\t\t\t\t<\/div>\n\t\t<\/div>\n\t\t\t\t\t<\/div>\n\t\t<\/section>\n\t\t\t\t<section class=\"elementor-section elementor-top-section elementor-element elementor-element-643efee elementor-section-boxed elementor-section-height-default elementor-section-height-default\" data-id=\"643efee\" data-element_type=\"section\" data-settings=\"{&quot;background_background&quot;:&quot;classic&quot;}\">\n\t\t\t\t\t\t\t<div class=\"elementor-background-overlay\"><\/div>\n\t\t\t\t\t\t\t<div class=\"elementor-container elementor-column-gap-default\">\n\t\t\t\t\t<div class=\"elementor-column elementor-col-100 elementor-top-column elementor-element elementor-element-ebef971\" data-id=\"ebef971\" data-element_type=\"column\">\n\t\t\t<div class=\"elementor-widget-wrap elementor-element-populated\">\n\t\t\t\t\t\t<div class=\"elementor-element elementor-element-f1375c0 zeus-grid--image-center elementor-widget elementor-widget-zeus-blog-grid\" data-id=\"f1375c0\" data-element_type=\"widget\" data-widget_type=\"zeus-blog-grid.default\">\n\t\t\t\t<div class=\"elementor-widget-container\">\n\t\t\t\t\t\n\t\t\t<div class=\"zeus-blog-grid match-height-grid\">\n\n\t\t\t\t\n\t\t\t\t\t\t<article id=\"post-732\" class=\"zeus-grid-entry post-732 post type-post status-publish format-standard has-post-thumbnail hentry category-advocacia-em-geral\">\n\n\t\t\t\t\t\t\t\n\t\t\t\t\t\t\t\t<div class=\"zeus-grid-inner\">\n\n\t\t\t\t\t\t\t\t\t\n\t\t\t\t\t\t\t\t\t\t<div class=\"zeus-grid-media\">\n\n\t\t\t\t\t\t\t\t\t\t\t<a href=\"https:\/\/sitteresponsivo.com.br\/advocacia\/o-que-fez-a-pec-dos-precatorios\/\" title=\"O que fez a PEC dos Precat\u00f3rios\" class=\"zeus-grid-img\">\n\n\t\t\t\t\t\t\t\t\t\t\t\t<img decoding=\"async\" width=\"300\" height=\"155\" src=\"https:\/\/sitteresponsivo.com.br\/advocacia\/wp-content\/uploads\/2022\/06\/fundo-de-pagina-9-300x155.jpg\" class=\"attachment-medium size-medium wp-post-image\" alt=\"O que fez a PEC dos Precat\u00f3rios\" itemprop=\"image\" srcset=\"https:\/\/sitteresponsivo.com.br\/advocacia\/wp-content\/uploads\/2022\/06\/fundo-de-pagina-9-300x155.jpg 300w, https:\/\/sitteresponsivo.com.br\/advocacia\/wp-content\/uploads\/2022\/06\/fundo-de-pagina-9-768x397.jpg 768w, https:\/\/sitteresponsivo.com.br\/advocacia\/wp-content\/uploads\/2022\/06\/fundo-de-pagina-9.jpg 870w\" sizes=\"(max-width: 300px) 100vw, 300px\" \/>\n\t\t\t\t\t\t\t\t\t\t\t\t<span class=\"zeus-overlay\"><\/span>\n\n\t\t\t\t\t\t\t\t\t\t\t<\/a>\n\n\t\t\t\t\t\t\t\t\t\t<\/div><!-- .zeus-grid-media -->\n\n\t\t\t\t\t\t\t\t\t\n\t\t\t\t\t\t\t\t\t\n\t\t\t\t\t\t\t\t\t\t<div class=\"zeus-grid-details match-height-content\">\n\n\t\t\t\t\t\t\t\t\t\t\t\n\t\t\t\t\t\t\t\t\t\t\t\t<h2 class=\"zeus-grid-title\">\n\t\t\t\t\t\t\t\t\t\t\t\t\t<a href=\"https:\/\/sitteresponsivo.com.br\/advocacia\/o-que-fez-a-pec-dos-precatorios\/\" title=\"O que fez a PEC dos Precat\u00f3rios\">O que fez a PEC dos Precat\u00f3rios<\/a>\n\t\t\t\t\t\t\t\t\t\t\t\t<\/h2>\n\n\t\t\t\t\t\t\t\t\t\t\t\n\t\t\t\t\t\t\t\t\t\t\t\n\t\t\t\t\t\t\t\t\t\t\t\t\t\t\t\t\t\t\t\t\t\t\t<div class=\"zeus-grid-excerpt\">\n\t\t\t\t\t\t\t\t\t\t\t\t\tCom potencial para liberar R$ 108,4 bilh\u00f5es em gastos federais no pr\u00f3ximo ano, a emenda&hellip;\t\t\t\t\t\t\t\t\t\t\t\t<\/div>\n\t\t\t\t\t\t\t\t\t\t\t\n\t\t\t\t\t\t\t\t\t\t\t\t\t\t\t\t\t\t\t\t\t\t\t<div class=\"zeus-grid-readmore readmore-btn\">\n\t\t\t\t\t\t\t\t\t\t\t\t\t<a href=\"https:\/\/sitteresponsivo.com.br\/advocacia\/o-que-fez-a-pec-dos-precatorios\/\">leia mais<\/a>\n\t\t\t\t\t\t\t\t\t\t\t\t<\/div>\n\t\t\t\t\t\t\t\t\t\t\t\n\t\t\t\t\t\t\t\t\t\t<\/div><!-- .zeus-grid-details -->\n\n\t\t\t\t\t\t\t\t\t\n\t\t\t\t\t\t\t\t<\/div>\n\n\t\t\t\t\t\t\t\n\t\t\t\t\t\t<\/article>\n\n\t\t\t\t\t\n\t\t\t\t\t\n\t\t\t\t\t\t<article id=\"post-726\" class=\"zeus-grid-entry post-726 post type-post status-publish format-standard has-post-thumbnail hentry category-advocacia-em-geral\">\n\n\t\t\t\t\t\t\t\n\t\t\t\t\t\t\t\t<div class=\"zeus-grid-inner\">\n\n\t\t\t\t\t\t\t\t\t\n\t\t\t\t\t\t\t\t\t\t<div class=\"zeus-grid-media\">\n\n\t\t\t\t\t\t\t\t\t\t\t<a href=\"https:\/\/sitteresponsivo.com.br\/advocacia\/quais-as-mudancas-promovidas-pela-reforma-da-previdencia\/\" title=\"Quais as mudan\u00e7as promovidas pela Reforma da Previd\u00eancia\" class=\"zeus-grid-img\">\n\n\t\t\t\t\t\t\t\t\t\t\t\t<img fetchpriority=\"high\" decoding=\"async\" width=\"300\" height=\"200\" src=\"https:\/\/sitteresponsivo.com.br\/advocacia\/wp-content\/uploads\/2022\/06\/fundo-de-pagina-8-300x200.jpg\" class=\"attachment-medium size-medium wp-post-image\" alt=\"Quais as mudan\u00e7as promovidas pela Reforma da Previd\u00eancia\" itemprop=\"image\" srcset=\"https:\/\/sitteresponsivo.com.br\/advocacia\/wp-content\/uploads\/2022\/06\/fundo-de-pagina-8-300x200.jpg 300w, https:\/\/sitteresponsivo.com.br\/advocacia\/wp-content\/uploads\/2022\/06\/fundo-de-pagina-8-768x511.jpg 768w, https:\/\/sitteresponsivo.com.br\/advocacia\/wp-content\/uploads\/2022\/06\/fundo-de-pagina-8.jpg 1000w\" sizes=\"(max-width: 300px) 100vw, 300px\" \/>\n\t\t\t\t\t\t\t\t\t\t\t\t<span class=\"zeus-overlay\"><\/span>\n\n\t\t\t\t\t\t\t\t\t\t\t<\/a>\n\n\t\t\t\t\t\t\t\t\t\t<\/div><!-- .zeus-grid-media -->\n\n\t\t\t\t\t\t\t\t\t\n\t\t\t\t\t\t\t\t\t\n\t\t\t\t\t\t\t\t\t\t<div class=\"zeus-grid-details match-height-content\">\n\n\t\t\t\t\t\t\t\t\t\t\t\n\t\t\t\t\t\t\t\t\t\t\t\t<h2 class=\"zeus-grid-title\">\n\t\t\t\t\t\t\t\t\t\t\t\t\t<a href=\"https:\/\/sitteresponsivo.com.br\/advocacia\/quais-as-mudancas-promovidas-pela-reforma-da-previdencia\/\" title=\"Quais as mudan\u00e7as promovidas pela Reforma da Previd\u00eancia\">Quais as mudan\u00e7as promovidas pela Reforma da Previd\u00eancia<\/a>\n\t\t\t\t\t\t\t\t\t\t\t\t<\/h2>\n\n\t\t\t\t\t\t\t\t\t\t\t\n\t\t\t\t\t\t\t\t\t\t\t\n\t\t\t\t\t\t\t\t\t\t\t\t\t\t\t\t\t\t\t\t\t\t\t<div class=\"zeus-grid-excerpt\">\n\t\t\t\t\t\t\t\t\t\t\t\t\tDepois de oito meses de tramita\u00e7\u00e3o no Congresso Nacional, o Plen\u00e1rio do Senado concluiu, no&hellip;\t\t\t\t\t\t\t\t\t\t\t\t<\/div>\n\t\t\t\t\t\t\t\t\t\t\t\n\t\t\t\t\t\t\t\t\t\t\t\t\t\t\t\t\t\t\t\t\t\t\t<div class=\"zeus-grid-readmore readmore-btn\">\n\t\t\t\t\t\t\t\t\t\t\t\t\t<a href=\"https:\/\/sitteresponsivo.com.br\/advocacia\/quais-as-mudancas-promovidas-pela-reforma-da-previdencia\/\">leia mais<\/a>\n\t\t\t\t\t\t\t\t\t\t\t\t<\/div>\n\t\t\t\t\t\t\t\t\t\t\t\n\t\t\t\t\t\t\t\t\t\t<\/div><!-- .zeus-grid-details -->\n\n\t\t\t\t\t\t\t\t\t\n\t\t\t\t\t\t\t\t<\/div>\n\n\t\t\t\t\t\t\t\n\t\t\t\t\t\t<\/article>\n\n\t\t\t\t\t\n\t\t\t\t\t\n\t\t\t\t\t\t<article id=\"post-718\" class=\"zeus-grid-entry post-718 post type-post status-publish format-standard has-post-thumbnail hentry category-advocacia-em-geral\">\n\n\t\t\t\t\t\t\t\n\t\t\t\t\t\t\t\t<div class=\"zeus-grid-inner\">\n\n\t\t\t\t\t\t\t\t\t\n\t\t\t\t\t\t\t\t\t\t<div class=\"zeus-grid-media\">\n\n\t\t\t\t\t\t\t\t\t\t\t<a href=\"https:\/\/sitteresponsivo.com.br\/advocacia\/a-importancia-do-advogado-para-a-sociedade\/\" title=\"A import\u00e2ncia do Advogado para a Sociedade\" class=\"zeus-grid-img\">\n\n\t\t\t\t\t\t\t\t\t\t\t\t<img loading=\"lazy\" decoding=\"async\" width=\"300\" height=\"195\" src=\"https:\/\/sitteresponsivo.com.br\/advocacia\/wp-content\/uploads\/2022\/06\/fundo-de-pagina-7-2-300x195.jpg\" class=\"attachment-medium size-medium wp-post-image\" alt=\"A import\u00e2ncia do Advogado para a Sociedade\" itemprop=\"image\" srcset=\"https:\/\/sitteresponsivo.com.br\/advocacia\/wp-content\/uploads\/2022\/06\/fundo-de-pagina-7-2-300x195.jpg 300w, https:\/\/sitteresponsivo.com.br\/advocacia\/wp-content\/uploads\/2022\/06\/fundo-de-pagina-7-2.jpg 500w\" sizes=\"(max-width: 300px) 100vw, 300px\" \/>\n\t\t\t\t\t\t\t\t\t\t\t\t<span class=\"zeus-overlay\"><\/span>\n\n\t\t\t\t\t\t\t\t\t\t\t<\/a>\n\n\t\t\t\t\t\t\t\t\t\t<\/div><!-- .zeus-grid-media -->\n\n\t\t\t\t\t\t\t\t\t\n\t\t\t\t\t\t\t\t\t\n\t\t\t\t\t\t\t\t\t\t<div class=\"zeus-grid-details match-height-content\">\n\n\t\t\t\t\t\t\t\t\t\t\t\n\t\t\t\t\t\t\t\t\t\t\t\t<h2 class=\"zeus-grid-title\">\n\t\t\t\t\t\t\t\t\t\t\t\t\t<a href=\"https:\/\/sitteresponsivo.com.br\/advocacia\/a-importancia-do-advogado-para-a-sociedade\/\" title=\"A import\u00e2ncia do Advogado para a Sociedade\">A import\u00e2ncia do Advogado para a Sociedade<\/a>\n\t\t\t\t\t\t\t\t\t\t\t\t<\/h2>\n\n\t\t\t\t\t\t\t\t\t\t\t\n\t\t\t\t\t\t\t\t\t\t\t\n\t\t\t\t\t\t\t\t\t\t\t\t\t\t\t\t\t\t\t\t\t\t\t<div class=\"zeus-grid-excerpt\">\n\t\t\t\t\t\t\t\t\t\t\t\t\tO advogado tendo a fun\u00e7\u00e3o profissional de defender os interesses sociais e garantir o funcionamento&hellip;\t\t\t\t\t\t\t\t\t\t\t\t<\/div>\n\t\t\t\t\t\t\t\t\t\t\t\n\t\t\t\t\t\t\t\t\t\t\t\t\t\t\t\t\t\t\t\t\t\t\t<div class=\"zeus-grid-readmore readmore-btn\">\n\t\t\t\t\t\t\t\t\t\t\t\t\t<a href=\"https:\/\/sitteresponsivo.com.br\/advocacia\/a-importancia-do-advogado-para-a-sociedade\/\">leia mais<\/a>\n\t\t\t\t\t\t\t\t\t\t\t\t<\/div>\n\t\t\t\t\t\t\t\t\t\t\t\n\t\t\t\t\t\t\t\t\t\t<\/div><!-- .zeus-grid-details -->\n\n\t\t\t\t\t\t\t\t\t\n\t\t\t\t\t\t\t\t<\/div>\n\n\t\t\t\t\t\t\t\n\t\t\t\t\t\t<\/article>\n\n\t\t\t\t\t\n\t\t\t\t\t\n\t\t\t<\/div><!-- .zeus-blog-grid -->\n\n\t\t\t\n\t\t\t\t\t\t<\/div>\n\t\t\t\t<\/div>\n\t\t\t\t\t<\/div>\n\t\t<\/div>\n\t\t\t\t\t<\/div>\n\t\t<\/section>\n\t\t\t\t<section class=\"elementor-section elementor-top-section elementor-element elementor-element-a057997 elementor-section-boxed elementor-section-height-default elementor-section-height-default\" data-id=\"a057997\" data-element_type=\"section\" data-settings=\"{&quot;background_background&quot;:&quot;classic&quot;}\">\n\t\t\t\t\t\t<div class=\"elementor-container elementor-column-gap-default\">\n\t\t\t\t\t<div class=\"elementor-column elementor-col-100 elementor-top-column elementor-element elementor-element-a30fd94\" data-id=\"a30fd94\" data-element_type=\"column\">\n\t\t\t<div class=\"elementor-widget-wrap elementor-element-populated\">\n\t\t\t\t\t\t<div class=\"elementor-element elementor-element-eab671d elementor-widget elementor-widget-text-editor\" data-id=\"eab671d\" data-element_type=\"widget\" data-widget_type=\"text-editor.default\">\n\t\t\t\t<div class=\"elementor-widget-container\">\n\t\t\t\t\t\t\t\t\t<p><b><span style=\"vertical-align: inherit;\"><span style=\"vertical-align: inherit;\">Copyright \u00ae 2022 &#8211; todos os direitos reservados &#8211; criado por <a href=\"https:\/\/shre.ink\/Aal\" target=\"_blank\" rel=\"noopener\">Brito\u00b4s Tec Marketing Digital<\/a><\/span><\/span><\/b><\/p>\t\t\t\t\t\t\t\t<\/div>\n\t\t\t\t<\/div>\n\t\t\t\t\t<\/div>\n\t\t<\/div>\n\t\t\t\t\t<\/div>\n\t\t<\/section>\n\t\t\t\t<\/div>\n\t\t","protected":false},"excerpt":{"rendered":"<p>O que fez a PEC dos Precat\u00f3rios Com potencial para liberar R$ 108,4 bilh\u00f5es em gastos federais no pr\u00f3ximo ano, a emenda&hellip; leia mais Quais as mudan\u00e7as promovidas pela Reforma da Previd\u00eancia Depois de oito meses de tramita\u00e7\u00e3o no Congresso Nacional, o Plen\u00e1rio do Senado concluiu, no&hellip; leia mais A import\u00e2ncia do Advogado para a [&hellip;]<\/p>\n","protected":false},"author":1,"featured_media":0,"parent":0,"menu_order":0,"comment_status":"closed","ping_status":"closed","template":"elementor_canvas","meta":{"footnotes":""},"class_list":["post-21","page","type-page","status-publish","hentry"],"_links":{"self":[{"href":"https:\/\/sitteresponsivo.com.br\/advocacia\/wp-json\/wp\/v2\/pages\/21","targetHints":{"allow":["GET"]}}],"collection":[{"href":"https:\/\/sitteresponsivo.com.br\/advocacia\/wp-json\/wp\/v2\/pages"}],"about":[{"href":"https:\/\/sitteresponsivo.com.br\/advocacia\/wp-json\/wp\/v2\/types\/page"}],"author":[{"embeddable":true,"href":"https:\/\/sitteresponsivo.com.br\/advocacia\/wp-json\/wp\/v2\/users\/1"}],"replies":[{"embeddable":true,"href":"https:\/\/sitteresponsivo.com.br\/advocacia\/wp-json\/wp\/v2\/comments?post=21"}],"version-history":[{"count":61,"href":"https:\/\/sitteresponsivo.com.br\/advocacia\/wp-json\/wp\/v2\/pages\/21\/revisions"}],"predecessor-version":[{"id":753,"href":"https:\/\/sitteresponsivo.com.br\/advocacia\/wp-json\/wp\/v2\/pages\/21\/revisions\/753"}],"wp:attachment":[{"href":"https:\/\/sitteresponsivo.com.br\/advocacia\/wp-json\/wp\/v2\/media?parent=21"}],"curies":[{"name":"wp","href":"https:\/\/api.w.org\/{rel}","templated":true}]}}